{"id":110,"date":"2025-09-22T22:08:52","date_gmt":"2025-09-22T22:08:52","guid":{"rendered":"https:\/\/serejo.tech\/?page_id=110"},"modified":"2025-09-22T22:08:52","modified_gmt":"2025-09-22T22:08:52","slug":"home-sphere","status":"publish","type":"page","link":"https:\/\/serejo.tech\/","title":{"rendered":"Home Sphere"},"content":{"rendered":"<p>Esta \u00e9 a p\u00e1gina inicial com esfera de part\u00edculas e chat integrado.<\/p>\n","protected":false},"excerpt":{"rendered":"<p>Esta \u00e9 a p\u00e1gina inicial com esfera de part\u00edculas e chat integrado.<\/p>\n","protected":false},"author":1,"featured_media":0,"parent":0,"menu_order":0,"comment_status":"closed","ping_status":"closed","template":"page-debug.php","meta":{"footnotes":""},"class_list":["post-110","page","type-page","status-publish","hentry"],"_hostinger_reach_plugin_has_subscription_block":false,"_hostinger_reach_plugin_is_elementor":false,"_links":{"self":[{"href":"https:\/\/serejo.tech\/index.php?rest_route=\/wp\/v2\/pages\/110","targetHints":{"allow":["GET"]}}],"collection":[{"href":"https:\/\/serejo.tech\/index.php?rest_route=\/wp\/v2\/pages"}],"about":[{"href":"https:\/\/serejo.tech\/index.php?rest_route=\/wp\/v2\/types\/page"}],"author":[{"embeddable":true,"href":"https:\/\/serejo.tech\/index.php?rest_route=\/wp\/v2\/users\/1"}],"replies":[{"embeddable":true,"href":"https:\/\/serejo.tech\/index.php?rest_route=%2Fwp%2Fv2%2Fcomments&post=110"}],"version-history":[{"count":0,"href":"https:\/\/serejo.tech\/index.php?rest_route=\/wp\/v2\/pages\/110\/revisions"}],"wp:attachment":[{"href":"https:\/\/serejo.tech\/index.php?rest_route=%2Fwp%2Fv2%2Fmedia&parent=110"}],"curies":[{"name":"wp","href":"https:\/\/api.w.org\/{rel}","templated":true}]}}